{"id":1738,"date":"2026-03-23T16:08:18","date_gmt":"2026-03-23T19:08:18","guid":{"rendered":"https:\/\/tutoriadiscente.ufpa.br\/?page_id=1738"},"modified":"2026-04-28T16:42:48","modified_gmt":"2026-04-28T19:42:48","slug":"selecao-de-projetos-de-ensino-tutoria-discente","status":"publish","type":"page","link":"https:\/\/tutoriadiscente.ufpa.br\/?page_id=1738","title":{"rendered":"Sele\u00e7\u00e3o de Projetos de Ensino Programa Tutoria Discente"},"content":{"rendered":"\t\t<div data-elementor-type=\"wp-page\" data-elementor-id=\"1738\" class=\"elementor elementor-1738\">\n\t\t\t\t<div class=\"elementor-element elementor-element-fc236fc e-flex e-con-boxed e-con e-parent\" data-id=\"fc236fc\" data-element_type=\"container\" data-e-type=\"container\">\n\t\t\t\t\t<div class=\"e-con-inner\">\n\t\t\t\t<div class=\"elementor-element elementor-element-d71de00 elementor-widget elementor-widget-eael-breadcrumbs\" data-id=\"d71de00\" data-element_type=\"widget\" data-e-type=\"widget\" data-widget_type=\"eael-breadcrumbs.default\">\n\t\t\t\t<div class=\"elementor-widget-container\">\n\t\t\t\t\t\t\t<div class=\"eael-breadcrumbs\">\n\t\t\t\t\t\t<div class=\"eael-breadcrumbs__prefix\">\n\t\t\t\t<a href=\"https:\/\/tutoriadiscente.ufpa.br\" class=\"eael-breadcrumbs__prefix-link\"><svg aria-hidden=\"true\" class=\"e-font-icon-svg e-fas-home\" viewBox=\"0 0 576 512\" xmlns=\"http:\/\/www.w3.org\/2000\/svg\"><path d=\"M280.37 148.26L96 300.11V464a16 16 0 0 0 16 16l112.06-.29a16 16 0 0 0 15.92-16V368a16 16 0 0 1 16-16h64a16 16 0 0 1 16 16v95.64a16 16 0 0 0 16 16.05L464 480a16 16 0 0 0 16-16V300L295.67 148.26a12.19 12.19 0 0 0-15.3 0zM571.6 251.47L488 182.56V44.05a12 12 0 0 0-12-12h-56a12 12 0 0 0-12 12v72.61L318.47 43a48 48 0 0 0-61 0L4.34 251.47a12 12 0 0 0-1.6 16.9l25.5 31A12 12 0 0 0 45.15 301l235.22-193.74a12.19 12.19 0 0 1 15.3 0L530.9 301a12 12 0 0 0 16.9-1.6l25.5-31a12 12 0 0 0-1.7-16.93z\"><\/path><\/svg><\/a>\t\t\t<\/a>\n\t\t\t<\/div>\n\t\t\t<div class=\"eael-breadcrumbs__content\"><a href=\"https:\/\/tutoriadiscente.ufpa.br\">P\u00e1gina inicial<\/a> <span class=\"eael-breadcrumb-separator\">\/<\/span> <span class = \"eael-current\">P\u00e1gina<\/span><\/div>\t\t<\/div>\n\t\t\t\t\t\t<\/div>\n\t\t\t\t<\/div>\n\t\t\t\t\t<\/div>\n\t\t\t\t<\/div>\n\t\t<div class=\"elementor-element elementor-element-8855991 e-flex e-con-boxed e-con e-parent\" data-id=\"8855991\" data-element_type=\"container\" data-e-type=\"container\">\n\t\t\t\t\t<div class=\"e-con-inner\">\n\t\t<div class=\"elementor-element elementor-element-b902252 e-con-full e-flex e-con e-child\" data-id=\"b902252\" data-element_type=\"container\" data-e-type=\"container\">\n\t\t\t\t<div class=\"elementor-element elementor-element-250adc7 elementor-widget elementor-widget-image\" data-id=\"250adc7\" data-element_type=\"widget\" data-e-type=\"widget\" data-widget_type=\"image.default\">\n\t\t\t\t\t\t\t\t\t\t\t\t\t\t\t<img decoding=\"async\" src=\"https:\/\/tutoriadiscente.ufpa.br\/wp-content\/uploads\/2026\/03\/Selecao-de-Projetos-de-Ensino-Tutoria-Discente.png\" title=\"\" alt=\"\" loading=\"lazy\" \/>\t\t\t\t\t\t\t\t\t\t\t\t\t\t\t<\/div>\n\t\t\t\t<\/div>\n\t\t<div class=\"elementor-element elementor-element-2fa5183 e-con-full e-flex e-con e-child\" data-id=\"2fa5183\" data-element_type=\"container\" data-e-type=\"container\">\n\t\t\t\t<div class=\"elementor-element elementor-element-375c97c elementor-widget elementor-widget-heading\" data-id=\"375c97c\" data-element_type=\"widget\" data-e-type=\"widget\" data-widget_type=\"heading.default\">\n\t\t\t\t\t<h2 class=\"elementor-heading-title elementor-size-default\"><span style=\"font-size: 26px\">PROEG lan\u00e7a Edital do Programa de Tutoria Discente \u2013 Edi\u00e7\u00e3o 2026\/2027<\/span><\/h2>\t\t\t\t<\/div>\n\t\t\t\t<div class=\"elementor-element elementor-element-f7882fd elementor-widget elementor-widget-heading\" data-id=\"f7882fd\" data-element_type=\"widget\" data-e-type=\"widget\" data-widget_type=\"heading.default\">\n\t\t\t\t\t<h2 class=\"elementor-heading-title elementor-size-default\">Bel\u00e9m-PA, 23 de mar\u00e7o de 2026<\/h2>\t\t\t\t<\/div>\n\t\t\t\t<\/div>\n\t\t\t\t\t<\/div>\n\t\t\t\t<\/div>\n\t\t<div class=\"elementor-element elementor-element-88f322a e-flex e-con-boxed e-con e-parent\" data-id=\"88f322a\" data-element_type=\"container\" data-e-type=\"container\">\n\t\t\t\t\t<div class=\"e-con-inner\">\n\t\t\t\t<div class=\"elementor-element elementor-element-2a499af elementor-widget elementor-widget-text-editor\" data-id=\"2a499af\" data-element_type=\"widget\" data-e-type=\"widget\" data-widget_type=\"text-editor.default\">\n\t\t\t\t\t\t\t\t\t<p>A Pr\u00f3-Reitoria de Ensino de Gradua\u00e7\u00e3o (PROEG), por meio da Diretoria de Apoio a Docentes e Discentes (DADD), torna p\u00fablico o <a href=\"https:\/\/drive.google.com\/file\/d\/1RwO384JdE7gHjNYB-S_6Tzm0ckQ2Ycc3\/view?usp=sharing\" target=\"_blank\" rel=\"noopener\"><b>Edital N\u00ba 06\/2026<\/b><\/a>, que rege a sele\u00e7\u00e3o de Projetos de Ensino para o Programa de Tutoria Discente.<\/p><p>O programa visa apoiar estudantes com dificuldades acad\u00eamicas, buscando reduzir a reten\u00e7\u00e3o e a evas\u00e3o por meio da tutoria por pares.<\/p>\t\t\t\t\t\t\t\t<\/div>\n\t\t\t\t<div class=\"elementor-element elementor-element-c60fb68 elementor-widget elementor-widget-heading\" data-id=\"c60fb68\" data-element_type=\"widget\" data-e-type=\"widget\" data-widget_type=\"heading.default\">\n\t\t\t\t\t<h2 class=\"elementor-heading-title elementor-size-default\">Cronograma de Submiss\u00e3o<\/h2>\t\t\t\t<\/div>\n\t\t\t\t<div class=\"elementor-element elementor-element-35d842c elementor-widget elementor-widget-text-editor\" data-id=\"35d842c\" data-element_type=\"widget\" data-e-type=\"widget\" data-widget_type=\"text-editor.default\">\n\t\t\t\t\t\t\t\t\t<p>As propostas devem ser submetidas exclusivamente via <b>SISPROL <\/b>(<a href=\"http:\/\/www.sisprol.ufpa.br\" target=\"_blank\" rel=\"noopener\">www.sisprol.ufpa.br<\/a>). Fique atento aos prazos:<\/p><ul><li><strong>Per\u00edodo de Inscri\u00e7\u00e3o de Projetos<\/strong>: 26\/03 a 13\/04\/2026.<\/li><li><strong>An\u00e1lise e Sele\u00e7\u00e3o<\/strong>: 14\/04 a 27\/04\/2026.<\/li><li><strong>Resultado Preliminar<\/strong>: 28\/04\/2026.<\/li><li><strong>Resultado Final<\/strong>: at\u00e9 05\/05\/2026.<\/li><\/ul>\t\t\t\t\t\t\t\t<\/div>\n\t\t\t\t\t<\/div>\n\t\t\t\t<\/div>\n\t\t<div class=\"elementor-element elementor-element-544674e e-flex e-con-boxed e-con e-parent\" data-id=\"544674e\" data-element_type=\"container\" data-e-type=\"container\">\n\t\t\t\t\t<div class=\"e-con-inner\">\n\t\t\t\t<div class=\"elementor-element elementor-element-46a6d2a elementor-widget elementor-widget-text-editor\" data-id=\"46a6d2a\" data-element_type=\"widget\" data-e-type=\"widget\" data-widget_type=\"text-editor.default\">\n\t\t\t\t\t\t\t\t\t<p>Para maiores informa\u00e7\u00f5es, acesse o <a href=\"https:\/\/drive.google.com\/file\/d\/1RwO384JdE7gHjNYB-S_6Tzm0ckQ2Ycc3\/view?usp=sharing\" target=\"_blank\" rel=\"noopener\"><strong>edital<\/strong><\/a>.<\/p><p>Em caso de d\u00favidas, entre em contato com a DADD\/PROEG pelo e-mail: <span style=\"text-decoration: underline;\">dadd@ufpa.br<\/span>.<\/p>\t\t\t\t\t\t\t\t<\/div>\n\t\t\t\t<div class=\"elementor-element elementor-element-6645b73 elementor-widget elementor-widget-heading\" data-id=\"6645b73\" data-element_type=\"widget\" data-e-type=\"widget\" data-widget_type=\"heading.default\">\n\t\t\t\t\t<h2 class=\"elementor-heading-title elementor-size-default\">Informa\u00e7\u00f5es adicionais<\/h2>\t\t\t\t<\/div>\n\t\t\t\t<div class=\"elementor-element elementor-element-d6ac1a3 elementor-widget elementor-widget-text-editor\" data-id=\"d6ac1a3\" data-element_type=\"widget\" data-e-type=\"widget\" data-widget_type=\"text-editor.default\">\n\t\t\t\t\t\t\t\t\t<p><a href=\"https:\/\/drive.google.com\/file\/d\/1RwO384JdE7gHjNYB-S_6Tzm0ckQ2Ycc3\/view?usp=sharing\" target=\"_blank\" rel=\"noopener\"><strong>Edital PROEG N\u00ba 06\/2026 <\/strong><\/a><\/p><p><strong><a href=\"https:\/\/drive.google.com\/file\/d\/1SuNk7z7eFLOn5e4UOaBEQRG2_aesfXWd\/view?usp=sharing\" target=\"_blank\" rel=\"noopener\">Tutorial de submiss\u00e3o no SISPROL<\/a><\/strong><\/p><p><a href=\"https:\/\/docs.google.com\/document\/d\/1BtRa6kYmtz0zHdmxpGOQIMc-pn1KAYPV\/edit?usp=sharing&amp;ouid=110969390052808181727&amp;rtpof=true&amp;sd=true\" target=\"_blank\" rel=\"noopener\"><strong>Anexo I \u2013 Modelo de Projeto<\/strong><\/a><\/p><p><a href=\"https:\/\/drive.google.com\/file\/d\/1vhFuU9Zn12A8XKfXJ6TbccRlz_G5b-A9\/view?usp=sharing\"><strong>Resultado Preliminar<\/strong><\/a><\/p>\t\t\t\t\t\t\t\t<\/div>\n\t\t\t\t<div class=\"elementor-element elementor-element-3031bd3 elementor-widget elementor-widget-spacer\" data-id=\"3031bd3\" data-element_type=\"widget\" data-e-type=\"widget\" data-widget_type=\"spacer.default\">\n\t\t\t\t\t\t\t<div class=\"elementor-spacer\">\n\t\t\t<div class=\"elementor-spacer-inner\"><\/div>\n\t\t<\/div>\n\t\t\t\t\t\t<\/div>\n\t\t\t\t\t<\/div>\n\t\t\t\t<\/div>\n\t\t<div class=\"elementor-element elementor-element-0115a22 e-flex e-con-boxed e-con e-parent\" data-id=\"0115a22\" data-element_type=\"container\" data-e-type=\"container\">\n\t\t\t\t\t<div class=\"e-con-inner\">\n\t\t        <script>\n        jQuery( document ).ready( function( $ ) {\n            \/\/ Use .on('click', ...) as it is slightly more modern and flexible.\n            $( '.elementor-element-d12f349' ).css( 'cursor', 'pointer' ).on( 'click', function(e) {\n                \n                var url = 'https:\/\/drive.google.com\/file\/d\/1vhFuU9Zn12A8XKfXJ6TbccRlz_G5b-A9\/view?usp=sharing';\n\n                                    \/\/ If 'is_external' is true, open the link in a new tab.\n                    window.open( url, '_blank' );\n                            });\n        });\n        <\/script>\n        <div class=\"elementor-element elementor-element-d12f349 e-con-full e-transform e-flex e-con e-child\" data-id=\"d12f349\" data-element_type=\"container\" data-e-type=\"container\" data-settings=\"{&quot;background_background&quot;:&quot;classic&quot;,&quot;animation&quot;:&quot;none&quot;,&quot;_transform_translateX_effect_hover&quot;:{&quot;unit&quot;:&quot;px&quot;,&quot;size&quot;:0,&quot;sizes&quot;:[]},&quot;_transform_translateY_effect_hover&quot;:{&quot;unit&quot;:&quot;px&quot;,&quot;size&quot;:5,&quot;sizes&quot;:[]},&quot;_transform_translateX_effect_hover_tablet&quot;:{&quot;unit&quot;:&quot;px&quot;,&quot;size&quot;:&quot;&quot;,&quot;sizes&quot;:[]},&quot;_transform_translateX_effect_hover_mobile&quot;:{&quot;unit&quot;:&quot;px&quot;,&quot;size&quot;:&quot;&quot;,&quot;sizes&quot;:[]},&quot;_transform_translateY_effect_hover_tablet&quot;:{&quot;unit&quot;:&quot;px&quot;,&quot;size&quot;:&quot;&quot;,&quot;sizes&quot;:[]},&quot;_transform_translateY_effect_hover_mobile&quot;:{&quot;unit&quot;:&quot;px&quot;,&quot;size&quot;:&quot;&quot;,&quot;sizes&quot;:[]}}\">\n\t\t\t\t<div class=\"elementor-element elementor-element-b346a48 elementor-view-default elementor-widget elementor-widget-icon\" data-id=\"b346a48\" data-element_type=\"widget\" data-e-type=\"widget\" data-widget_type=\"icon.default\">\n\t\t\t\t\t\t\t<div class=\"elementor-icon-wrapper\">\n\t\t\t<a class=\"elementor-icon\" href=\"https:\/\/drive.google.com\/file\/d\/1vhFuU9Zn12A8XKfXJ6TbccRlz_G5b-A9\/view?usp=sharing\" target=\"_blank\" rel=\"nofollow\">\n\t\t\t<svg aria-hidden=\"true\" class=\"e-font-icon-svg e-fas-edit\" viewBox=\"0 0 576 512\" xmlns=\"http:\/\/www.w3.org\/2000\/svg\"><path d=\"M402.6 83.2l90.2 90.2c3.8 3.8 3.8 10 0 13.8L274.4 405.6l-92.8 10.3c-12.4 1.4-22.9-9.1-21.5-21.5l10.3-92.8L388.8 83.2c3.8-3.8 10-3.8 13.8 0zm162-22.9l-48.8-48.8c-15.2-15.2-39.9-15.2-55.2 0l-35.4 35.4c-3.8 3.8-3.8 10 0 13.8l90.2 90.2c3.8 3.8 10 3.8 13.8 0l35.4-35.4c15.2-15.3 15.2-40 0-55.2zM384 346.2V448H64V128h229.8c3.2 0 6.2-1.3 8.5-3.5l40-40c7.6-7.6 2.2-20.5-8.5-20.5H48C21.5 64 0 85.5 0 112v352c0 26.5 21.5 48 48 48h352c26.5 0 48-21.5 48-48V306.2c0-10.7-12.9-16-20.5-8.5l-40 40c-2.2 2.3-3.5 5.3-3.5 8.5z\"><\/path><\/svg>\t\t\t<\/a>\n\t\t<\/div>\n\t\t\t\t\t\t<\/div>\n\t\t\t\t<div class=\"elementor-element elementor-element-a73e638 elementor-widget elementor-widget-heading\" data-id=\"a73e638\" data-element_type=\"widget\" data-e-type=\"widget\" data-widget_type=\"heading.default\">\n\t\t\t\t\t<h2 class=\"elementor-heading-title elementor-size-default\"><a href=\"https:\/\/drive.google.com\/file\/d\/1vhFuU9Zn12A8XKfXJ6TbccRlz_G5b-A9\/view?usp=sharing\" target=\"_blank\" rel=\"nofollow\">Resultado Preliminar<\/a><\/h2>\t\t\t\t<\/div>\n\t\t\t\t<\/div>\n\t\t        <script>\n        jQuery( document ).ready( function( $ ) {\n            \/\/ Use .on('click', ...) as it is slightly more modern and flexible.\n            $( '.elementor-element-1a1be32' ).css( 'cursor', 'pointer' ).on( 'click', function(e) {\n                \n                var url = 'https:\/\/drive.google.com\/file\/d\/1SuNk7z7eFLOn5e4UOaBEQRG2_aesfXWd\/view?usp=sharing';\n\n                                    \/\/ If 'is_external' is true, open the link in a new tab.\n                    window.open( url, '_blank' );\n                            });\n        });\n        <\/script>\n        <div class=\"elementor-element elementor-element-1a1be32 e-con-full e-transform e-transform e-flex e-con e-child\" data-id=\"1a1be32\" data-element_type=\"container\" data-e-type=\"container\" data-settings=\"{&quot;background_background&quot;:&quot;classic&quot;,&quot;_transform_translateY_effect_hover&quot;:{&quot;unit&quot;:&quot;px&quot;,&quot;size&quot;:5,&quot;sizes&quot;:[]},&quot;_transform_scale_effect&quot;:{&quot;unit&quot;:&quot;px&quot;,&quot;size&quot;:&quot;&quot;,&quot;sizes&quot;:[]},&quot;_transform_scale_effect_tablet&quot;:{&quot;unit&quot;:&quot;px&quot;,&quot;size&quot;:&quot;&quot;,&quot;sizes&quot;:[]},&quot;_transform_scale_effect_mobile&quot;:{&quot;unit&quot;:&quot;px&quot;,&quot;size&quot;:&quot;&quot;,&quot;sizes&quot;:[]},&quot;_transform_translateX_effect_hover&quot;:{&quot;unit&quot;:&quot;px&quot;,&quot;size&quot;:&quot;&quot;,&quot;sizes&quot;:[]},&quot;_transform_translateX_effect_hover_tablet&quot;:{&quot;unit&quot;:&quot;px&quot;,&quot;size&quot;:&quot;&quot;,&quot;sizes&quot;:[]},&quot;_transform_translateX_effect_hover_mobile&quot;:{&quot;unit&quot;:&quot;px&quot;,&quot;size&quot;:&quot;&quot;,&quot;sizes&quot;:[]},&quot;_transform_translateY_effect_hover_tablet&quot;:{&quot;unit&quot;:&quot;px&quot;,&quot;size&quot;:&quot;&quot;,&quot;sizes&quot;:[]},&quot;_transform_translateY_effect_hover_mobile&quot;:{&quot;unit&quot;:&quot;px&quot;,&quot;size&quot;:&quot;&quot;,&quot;sizes&quot;:[]}}\">\n\t\t\t\t<div class=\"elementor-element elementor-element-d5c457a elementor-view-default elementor-widget elementor-widget-icon\" data-id=\"d5c457a\" data-element_type=\"widget\" data-e-type=\"widget\" data-widget_type=\"icon.default\">\n\t\t\t\t\t\t\t<div class=\"elementor-icon-wrapper\">\n\t\t\t<a class=\"elementor-icon\" href=\"https:\/\/drive.google.com\/file\/d\/1SuNk7z7eFLOn5e4UOaBEQRG2_aesfXWd\/view?usp=sharing\" target=\"_blank\" rel=\"nofollow\">\n\t\t\t<svg aria-hidden=\"true\" class=\"e-font-icon-svg e-fas-check-square\" viewBox=\"0 0 448 512\" xmlns=\"http:\/\/www.w3.org\/2000\/svg\"><path d=\"M400 480H48c-26.51 0-48-21.49-48-48V80c0-26.51 21.49-48 48-48h352c26.51 0 48 21.49 48 48v352c0 26.51-21.49 48-48 48zm-204.686-98.059l184-184c6.248-6.248 6.248-16.379 0-22.627l-22.627-22.627c-6.248-6.248-16.379-6.249-22.628 0L184 302.745l-70.059-70.059c-6.248-6.248-16.379-6.248-22.628 0l-22.627 22.627c-6.248 6.248-6.248 16.379 0 22.627l104 104c6.249 6.25 16.379 6.25 22.628.001z\"><\/path><\/svg>\t\t\t<\/a>\n\t\t<\/div>\n\t\t\t\t\t\t<\/div>\n\t\t\t\t<div class=\"elementor-element elementor-element-93441b7 elementor-widget elementor-widget-heading\" data-id=\"93441b7\" data-element_type=\"widget\" data-e-type=\"widget\" data-widget_type=\"heading.default\">\n\t\t\t\t\t<h2 class=\"elementor-heading-title elementor-size-default\"><a href=\"https:\/\/drive.google.com\/file\/d\/1SuNk7z7eFLOn5e4UOaBEQRG2_aesfXWd\/view?usp=sharing\" target=\"_blank\" rel=\"nofollow\">Tutorial de submiss\u00e3o no SISPROL<\/a><\/h2>\t\t\t\t<\/div>\n\t\t\t\t<\/div>\n\t\t        <script>\n        jQuery( document ).ready( function( $ ) {\n            \/\/ Use .on('click', ...) as it is slightly more modern and flexible.\n            $( '.elementor-element-9351f8e' ).css( 'cursor', 'pointer' ).on( 'click', function(e) {\n                \n                var url = 'https:\/\/drive.google.com\/file\/d\/1RwO384JdE7gHjNYB-S_6Tzm0ckQ2Ycc3\/view?usp=sharing';\n\n                                    \/\/ If 'is_external' is true, open the link in a new tab.\n                    window.open( url, '_blank' );\n                            });\n        });\n        <\/script>\n        <div class=\"elementor-element elementor-element-9351f8e e-con-full e-transform e-transform e-flex e-con e-child\" data-id=\"9351f8e\" data-element_type=\"container\" data-e-type=\"container\" data-settings=\"{&quot;background_background&quot;:&quot;classic&quot;,&quot;_transform_translateY_effect_hover&quot;:{&quot;unit&quot;:&quot;px&quot;,&quot;size&quot;:5,&quot;sizes&quot;:[]},&quot;_transform_scale_effect&quot;:{&quot;unit&quot;:&quot;px&quot;,&quot;size&quot;:&quot;&quot;,&quot;sizes&quot;:[]},&quot;_transform_scale_effect_tablet&quot;:{&quot;unit&quot;:&quot;px&quot;,&quot;size&quot;:&quot;&quot;,&quot;sizes&quot;:[]},&quot;_transform_scale_effect_mobile&quot;:{&quot;unit&quot;:&quot;px&quot;,&quot;size&quot;:&quot;&quot;,&quot;sizes&quot;:[]},&quot;_transform_translateX_effect_hover&quot;:{&quot;unit&quot;:&quot;px&quot;,&quot;size&quot;:&quot;&quot;,&quot;sizes&quot;:[]},&quot;_transform_translateX_effect_hover_tablet&quot;:{&quot;unit&quot;:&quot;px&quot;,&quot;size&quot;:&quot;&quot;,&quot;sizes&quot;:[]},&quot;_transform_translateX_effect_hover_mobile&quot;:{&quot;unit&quot;:&quot;px&quot;,&quot;size&quot;:&quot;&quot;,&quot;sizes&quot;:[]},&quot;_transform_translateY_effect_hover_tablet&quot;:{&quot;unit&quot;:&quot;px&quot;,&quot;size&quot;:&quot;&quot;,&quot;sizes&quot;:[]},&quot;_transform_translateY_effect_hover_mobile&quot;:{&quot;unit&quot;:&quot;px&quot;,&quot;size&quot;:&quot;&quot;,&quot;sizes&quot;:[]}}\">\n\t\t\t\t<div class=\"elementor-element elementor-element-4a83d7b elementor-view-default elementor-widget elementor-widget-icon\" data-id=\"4a83d7b\" data-element_type=\"widget\" data-e-type=\"widget\" data-widget_type=\"icon.default\">\n\t\t\t\t\t\t\t<div class=\"elementor-icon-wrapper\">\n\t\t\t<a class=\"elementor-icon\" href=\"https:\/\/drive.google.com\/file\/d\/1RwO384JdE7gHjNYB-S_6Tzm0ckQ2Ycc3\/view?usp=sharing\" target=\"_blank\" rel=\"nofollow\">\n\t\t\t<svg aria-hidden=\"true\" class=\"e-font-icon-svg e-fas-file\" viewBox=\"0 0 384 512\" xmlns=\"http:\/\/www.w3.org\/2000\/svg\"><path d=\"M224 136V0H24C10.7 0 0 10.7 0 24v464c0 13.3 10.7 24 24 24h336c13.3 0 24-10.7 24-24V160H248c-13.2 0-24-10.8-24-24zm160-14.1v6.1H256V0h6.1c6.4 0 12.5 2.5 17 7l97.9 98c4.5 4.5 7 10.6 7 16.9z\"><\/path><\/svg>\t\t\t<\/a>\n\t\t<\/div>\n\t\t\t\t\t\t<\/div>\n\t\t\t\t<div class=\"elementor-element elementor-element-4c91172 elementor-widget elementor-widget-heading\" data-id=\"4c91172\" data-element_type=\"widget\" data-e-type=\"widget\" data-widget_type=\"heading.default\">\n\t\t\t\t\t<h2 class=\"elementor-heading-title elementor-size-default\"><a href=\"https:\/\/drive.google.com\/file\/d\/1RwO384JdE7gHjNYB-S_6Tzm0ckQ2Ycc3\/view?usp=sharing\" target=\"_blank\" rel=\"nofollow\">Edital completo<\/a><\/h2>\t\t\t\t<\/div>\n\t\t\t\t<\/div>\n\t\t\t\t\t<\/div>\n\t\t\t\t<\/div>\n\t\t<div class=\"elementor-element elementor-element-52c10b8 e-flex e-con-boxed e-con e-parent\" data-id=\"52c10b8\" data-element_type=\"container\" data-e-type=\"container\">\n\t\t\t\t\t<div class=\"e-con-inner\">\n\t\t\t\t\t<\/div>\n\t\t\t\t<\/div>\n\t\t<div class=\"elementor-element elementor-element-f9fddef e-flex e-con-boxed e-con e-parent\" data-id=\"f9fddef\" data-element_type=\"container\" data-e-type=\"container\">\n\t\t\t\t\t<div class=\"e-con-inner\">\n\t\t\t\t\t<\/div>\n\t\t\t\t<\/div>\n\t\t\t\t<\/div>\n\t\t","protected":false},"excerpt":{"rendered":"<p>P\u00e1gina inicial \/ P\u00e1gina PROEG lan\u00e7a Edital do Programa de Tutoria Discente \u2013 Edi\u00e7\u00e3o 2026\/2027 Bel\u00e9m-PA, 23 de mar\u00e7o de 2026 A Pr\u00f3-Reitoria de Ensino de Gradua\u00e7\u00e3o (PROEG), por meio da Diretoria de Apoio a Docentes e Discentes (DADD), torna p\u00fablico o Edital N\u00ba 06\/2026, que rege a sele\u00e7\u00e3o de Projetos de Ensino para o [&hellip;]<\/p>\n","protected":false},"author":1,"featured_media":0,"parent":0,"menu_order":0,"comment_status":"closed","ping_status":"closed","template":"elementor_header_footer","meta":{"footnotes":""},"class_list":["post-1738","page","type-page","status-publish","hentry"],"_links":{"self":[{"href":"https:\/\/tutoriadiscente.ufpa.br\/index.php?rest_route=\/wp\/v2\/pages\/1738","targetHints":{"allow":["GET"]}}],"collection":[{"href":"https:\/\/tutoriadiscente.ufpa.br\/index.php?rest_route=\/wp\/v2\/pages"}],"about":[{"href":"https:\/\/tutoriadiscente.ufpa.br\/index.php?rest_route=\/wp\/v2\/types\/page"}],"author":[{"embeddable":true,"href":"https:\/\/tutoriadiscente.ufpa.br\/index.php?rest_route=\/wp\/v2\/users\/1"}],"replies":[{"embeddable":true,"href":"https:\/\/tutoriadiscente.ufpa.br\/index.php?rest_route=%2Fwp%2Fv2%2Fcomments&post=1738"}],"version-history":[{"count":26,"href":"https:\/\/tutoriadiscente.ufpa.br\/index.php?rest_route=\/wp\/v2\/pages\/1738\/revisions"}],"predecessor-version":[{"id":1845,"href":"https:\/\/tutoriadiscente.ufpa.br\/index.php?rest_route=\/wp\/v2\/pages\/1738\/revisions\/1845"}],"wp:attachment":[{"href":"https:\/\/tutoriadiscente.ufpa.br\/index.php?rest_route=%2Fwp%2Fv2%2Fmedia&parent=1738"}],"curies":[{"name":"wp","href":"https:\/\/api.w.org\/{rel}","templated":true}]}}