{"id":1348,"date":"2025-11-05T12:33:50","date_gmt":"2025-11-05T15:33:50","guid":{"rendered":"https:\/\/tutoriadiscente.ufpa.br\/?page_id=1348"},"modified":"2025-11-07T11:44:04","modified_gmt":"2025-11-07T14:44:04","slug":"3a-circular-do-v-seminario-de-projetos-educacionais-sepeduc-e-iii-seminario-institucional-integrado-do-pibid","status":"publish","type":"page","link":"https:\/\/tutoriadiscente.ufpa.br\/?page_id=1348","title":{"rendered":"3\u00aa Circular do V Semin\u00e1rio de Projetos Educacionais (SEPEDUC) e III Semin\u00e1rio Institucional Integrado do PIBID"},"content":{"rendered":"\t\t<div data-elementor-type=\"wp-page\" data-elementor-id=\"1348\" class=\"elementor elementor-1348\">\n\t\t\t\t<div class=\"elementor-element elementor-element-fc236fc e-flex e-con-boxed e-con e-parent\" data-id=\"fc236fc\" data-element_type=\"container\" data-e-type=\"container\">\n\t\t\t\t\t<div class=\"e-con-inner\">\n\t\t\t\t<div class=\"elementor-element elementor-element-d71de00 elementor-widget elementor-widget-eael-breadcrumbs\" data-id=\"d71de00\" data-element_type=\"widget\" data-e-type=\"widget\" data-widget_type=\"eael-breadcrumbs.default\">\n\t\t\t\t<div class=\"elementor-widget-container\">\n\t\t\t\t\t\t\t<div class=\"eael-breadcrumbs\">\n\t\t\t\t\t\t<div class=\"eael-breadcrumbs__prefix\">\n\t\t\t\t<a href=\"https:\/\/tutoriadiscente.ufpa.br\" class=\"eael-breadcrumbs__prefix-link\"><svg aria-hidden=\"true\" class=\"e-font-icon-svg e-fas-home\" viewBox=\"0 0 576 512\" xmlns=\"http:\/\/www.w3.org\/2000\/svg\"><path d=\"M280.37 148.26L96 300.11V464a16 16 0 0 0 16 16l112.06-.29a16 16 0 0 0 15.92-16V368a16 16 0 0 1 16-16h64a16 16 0 0 1 16 16v95.64a16 16 0 0 0 16 16.05L464 480a16 16 0 0 0 16-16V300L295.67 148.26a12.19 12.19 0 0 0-15.3 0zM571.6 251.47L488 182.56V44.05a12 12 0 0 0-12-12h-56a12 12 0 0 0-12 12v72.61L318.47 43a48 48 0 0 0-61 0L4.34 251.47a12 12 0 0 0-1.6 16.9l25.5 31A12 12 0 0 0 45.15 301l235.22-193.74a12.19 12.19 0 0 1 15.3 0L530.9 301a12 12 0 0 0 16.9-1.6l25.5-31a12 12 0 0 0-1.7-16.93z\"><\/path><\/svg><\/a>\t\t\t<\/a>\n\t\t\t<\/div>\n\t\t\t<div class=\"eael-breadcrumbs__content\"><a href=\"https:\/\/tutoriadiscente.ufpa.br\">P\u00e1gina inicial<\/a> <span class=\"eael-breadcrumb-separator\">\/<\/span> <span class = \"eael-current\">P\u00e1gina<\/span><\/div>\t\t<\/div>\n\t\t\t\t\t\t<\/div>\n\t\t\t\t<\/div>\n\t\t\t\t\t<\/div>\n\t\t\t\t<\/div>\n\t\t<div class=\"elementor-element elementor-element-8855991 e-flex e-con-boxed e-con e-parent\" data-id=\"8855991\" data-element_type=\"container\" data-e-type=\"container\">\n\t\t\t\t\t<div class=\"e-con-inner\">\n\t\t<div class=\"elementor-element elementor-element-b902252 e-con-full e-flex e-con e-child\" data-id=\"b902252\" data-element_type=\"container\" data-e-type=\"container\">\n\t\t\t\t<div class=\"elementor-element elementor-element-250adc7 elementor-widget elementor-widget-image\" data-id=\"250adc7\" data-element_type=\"widget\" data-e-type=\"widget\" data-widget_type=\"image.default\">\n\t\t\t\t\t\t\t\t\t\t\t\t\t\t\t<img fetchpriority=\"high\" decoding=\"async\" width=\"2048\" height=\"1536\" src=\"https:\/\/tutoriadiscente.ufpa.br\/wp-content\/uploads\/2025\/11\/Sepeduc-2025-Prorrogacao.png\" class=\"attachment-full size-full wp-image-1350\" alt=\"\" srcset=\"https:\/\/tutoriadiscente.ufpa.br\/wp-content\/uploads\/2025\/11\/Sepeduc-2025-Prorrogacao.png 2048w, https:\/\/tutoriadiscente.ufpa.br\/wp-content\/uploads\/2025\/11\/Sepeduc-2025-Prorrogacao-300x225.png 300w, https:\/\/tutoriadiscente.ufpa.br\/wp-content\/uploads\/2025\/11\/Sepeduc-2025-Prorrogacao-1024x768.png 1024w, https:\/\/tutoriadiscente.ufpa.br\/wp-content\/uploads\/2025\/11\/Sepeduc-2025-Prorrogacao-768x576.png 768w, https:\/\/tutoriadiscente.ufpa.br\/wp-content\/uploads\/2025\/11\/Sepeduc-2025-Prorrogacao-1536x1152.png 1536w\" sizes=\"(max-width: 2048px) 100vw, 2048px\" \/>\t\t\t\t\t\t\t\t\t\t\t\t\t\t\t<\/div>\n\t\t\t\t<\/div>\n\t\t<div class=\"elementor-element elementor-element-2fa5183 e-con-full e-flex e-con e-child\" data-id=\"2fa5183\" data-element_type=\"container\" data-e-type=\"container\">\n\t\t\t\t<div class=\"elementor-element elementor-element-375c97c elementor-widget elementor-widget-heading\" data-id=\"375c97c\" data-element_type=\"widget\" data-e-type=\"widget\" data-widget_type=\"heading.default\">\n\t\t\t\t\t<h2 class=\"elementor-heading-title elementor-size-default\">3\u00aa Circular do V Semin\u00e1rio de Projetos Educacionais (SEPEDUC) e III Semin\u00e1rio Institucional Integrado do PIBID<\/h2>\t\t\t\t<\/div>\n\t\t\t\t<div class=\"elementor-element elementor-element-dbfde7b elementor-widget elementor-widget-heading\" data-id=\"dbfde7b\" data-element_type=\"widget\" data-e-type=\"widget\" data-widget_type=\"heading.default\">\n\t\t\t\t\t<h2 class=\"elementor-heading-title elementor-size-default\">Ci\u00eancia e Vozes da Amaz\u00f4nia<\/h2>\t\t\t\t<\/div>\n\t\t\t\t<div class=\"elementor-element elementor-element-f7882fd elementor-widget elementor-widget-heading\" data-id=\"f7882fd\" data-element_type=\"widget\" data-e-type=\"widget\" data-widget_type=\"heading.default\">\n\t\t\t\t\t<h2 class=\"elementor-heading-title elementor-size-default\">Bel\u00e9m-PA, 05 de novembro de 2025<\/h2>\t\t\t\t<\/div>\n\t\t\t\t<\/div>\n\t\t\t\t\t<\/div>\n\t\t\t\t<\/div>\n\t\t<div class=\"elementor-element elementor-element-88f322a e-flex e-con-boxed e-con e-parent\" data-id=\"88f322a\" data-element_type=\"container\" data-e-type=\"container\">\n\t\t\t\t\t<div class=\"e-con-inner\">\n\t\t\t\t<div class=\"elementor-element elementor-element-19185bc elementor-widget elementor-widget-heading\" data-id=\"19185bc\" data-element_type=\"widget\" data-e-type=\"widget\" data-widget_type=\"heading.default\">\n\t\t\t\t\t<h2 class=\"elementor-heading-title elementor-size-default\">SUBMISS\u00c3O DE TRABALHO \u2013 PRORROGA\u00c7\u00c3O<\/h2>\t\t\t\t<\/div>\n\t\t\t\t<div class=\"elementor-element elementor-element-2a499af elementor-widget elementor-widget-text-editor\" data-id=\"2a499af\" data-element_type=\"widget\" data-e-type=\"widget\" data-widget_type=\"text-editor.default\">\n\t\t\t\t\t\t\t\t\t<p><span style=\"font-weight: 400;\">A Pr\u00f3-Reitoria de Ensino de Gradua\u00e7\u00e3o (PROEG) da Universidade Federal do Par\u00e1 (UFPA) informa a prorroga\u00e7\u00e3o do prazo para a submiss\u00e3o dos trabalhos em formato de v\u00eddeo. Coordenadores\/as, orientadores\/as, supervisores\/as, atuantes nos Programas Labinfra, Monitoria, Monitoria Volunt\u00e1ria, Tutoria Discente, Programa de Educa\u00e7\u00e3o Tutorial (PET) e PIBID ter\u00e3o AT\u00c9 O DIA 17 DE NOVEMBRO DE 2025 para submeter propostas de trabalho no evento.<\/span><\/p><p><span style=\"font-weight: 400;\">A produ\u00e7\u00e3o dos v\u00eddeos pode ser feita pelos bolsistas e\/ou volunt\u00e1rios(as) ou pelos(as) coordenadores(as), orientadores(as) e supervisores(as) dos projetos. No entanto, a submiss\u00e3o dos v\u00eddeos no <\/span><i><span style=\"font-weight: 400;\">site<\/span><\/i><span style=\"font-weight: 400;\"> do evento \u00e9 de responsabilidade exclusiva dos(as) coordenadores(as), orientadores(as) e supervisores(as) dos projetos, garantindo que eles obede\u00e7am ao seguinte formato: extens\u00e3o m\u00e1xima de 300 Mb, dura\u00e7\u00e3o de 5 a 10 minutos e o formato MP4.<\/span><\/p><p><span style=\"font-weight: 400;\">Coordenadores(as), orientadores(as) e supervisores(as) devem garantir tamb\u00e9m que os v\u00eddeos respeitem as singularidades culturais, econ\u00f4micas, religiosas, lingu\u00edsticas, sociais ou de algum tipo de defici\u00eancia, bem como os princ\u00edpios \u00e9ticos da comunica\u00e7\u00e3o cient\u00edfico-acad\u00eamica. N\u00e3o ser\u00e3o aceitos os v\u00eddeos que reproduzam qualquer tipo de preconceito ou contenham uma comunica\u00e7\u00e3o desrespeitosa e\/ou violenta, e que n\u00e3o obede\u00e7am ao tamanho, \u00e0 dura\u00e7\u00e3o e ao formato definidos.<\/span><\/p>\t\t\t\t\t\t\t\t<\/div>\n\t\t\t\t\t<\/div>\n\t\t\t\t<\/div>\n\t\t<div class=\"elementor-element elementor-element-544674e e-flex e-con-boxed e-con e-parent\" data-id=\"544674e\" data-element_type=\"container\" data-e-type=\"container\">\n\t\t\t\t\t<div class=\"e-con-inner\">\n\t\t\t\t<div class=\"elementor-element elementor-element-66a1b76 elementor-widget elementor-widget-heading\" data-id=\"66a1b76\" data-element_type=\"widget\" data-e-type=\"widget\" data-widget_type=\"heading.default\">\n\t\t\t\t\t<h2 class=\"elementor-heading-title elementor-size-default\">Informa\u00e7\u00f5es adicionais<\/h2>\t\t\t\t<\/div>\n\t\t\t\t<div class=\"elementor-element elementor-element-46a6d2a elementor-widget elementor-widget-text-editor\" data-id=\"46a6d2a\" data-element_type=\"widget\" data-e-type=\"widget\" data-widget_type=\"text-editor.default\">\n\t\t\t\t\t\t\t\t\t<p>A programa\u00e7\u00e3o completa e outras informa\u00e7\u00f5es ser\u00e3o divulgadas nas pr\u00f3ximas circulares, nos canais de comunica\u00e7\u00e3o da PROEG e no site oficial do evento <span style=\"text-decoration: underline;\"><a href=\"https:\/\/sigeventos.ufpa.br\/evento\/SPESISIIP2025\">sepeduc.ufpa.br<\/a><\/span><\/p><p>Site para a submiss\u00e3o de trabalhos:\u00a0<span style=\"text-decoration: underline;\"><a href=\"http:\/\/sepeduc.ufpa.br\/\" target=\"_blank\" rel=\"noopener noreferrer\">http:\/\/sepeduc.ufpa.br\/<\/a><\/span><\/p><p>Tutorial de submiss\u00e3o de trabalhos: <span style=\"text-decoration: underline;\"><a href=\"http:\/\/sepeduc.ufpa.br\/tutorial\">http:\/\/sepeduc.ufpa.br\/tutorial<\/a><\/span><\/p>\t\t\t\t\t\t\t\t<\/div>\n\t\t\t\t<div class=\"elementor-element elementor-element-3031bd3 elementor-widget elementor-widget-spacer\" data-id=\"3031bd3\" data-element_type=\"widget\" data-e-type=\"widget\" data-widget_type=\"spacer.default\">\n\t\t\t\t\t\t\t<div class=\"elementor-spacer\">\n\t\t\t<div class=\"elementor-spacer-inner\"><\/div>\n\t\t<\/div>\n\t\t\t\t\t\t<\/div>\n\t\t\t\t\t<\/div>\n\t\t\t\t<\/div>\n\t\t<div class=\"elementor-element elementor-element-0115a22 e-flex e-con-boxed e-con e-parent\" data-id=\"0115a22\" data-element_type=\"container\" data-e-type=\"container\">\n\t\t\t\t\t<div class=\"e-con-inner\">\n\t\t        <script>\n        jQuery( document ).ready( function( $ ) {\n            \/\/ Use .on('click', ...) as it is slightly more modern and flexible.\n            $( '.elementor-element-d12f349' ).css( 'cursor', 'pointer' ).on( 'click', function(e) {\n                \n                var url = 'https:\/\/drive.google.com\/file\/d\/14HJp7kCVc1RL9UL8Levcosn8XZnxswfn\/view?usp=sharing';\n\n                                    \/\/ If 'is_external' is true, open the link in a new tab.\n                    window.open( url, '_blank' );\n                            });\n        });\n        <\/script>\n        <div class=\"elementor-element elementor-element-d12f349 e-con-full e-transform e-flex e-con e-child\" data-id=\"d12f349\" data-element_type=\"container\" data-e-type=\"container\" data-settings=\"{&quot;background_background&quot;:&quot;classic&quot;,&quot;animation&quot;:&quot;none&quot;,&quot;_transform_translateX_effect_hover&quot;:{&quot;unit&quot;:&quot;px&quot;,&quot;size&quot;:0,&quot;sizes&quot;:[]},&quot;_transform_translateY_effect_hover&quot;:{&quot;unit&quot;:&quot;px&quot;,&quot;size&quot;:5,&quot;sizes&quot;:[]},&quot;_transform_translateX_effect_hover_tablet&quot;:{&quot;unit&quot;:&quot;px&quot;,&quot;size&quot;:&quot;&quot;,&quot;sizes&quot;:[]},&quot;_transform_translateX_effect_hover_mobile&quot;:{&quot;unit&quot;:&quot;px&quot;,&quot;size&quot;:&quot;&quot;,&quot;sizes&quot;:[]},&quot;_transform_translateY_effect_hover_tablet&quot;:{&quot;unit&quot;:&quot;px&quot;,&quot;size&quot;:&quot;&quot;,&quot;sizes&quot;:[]},&quot;_transform_translateY_effect_hover_mobile&quot;:{&quot;unit&quot;:&quot;px&quot;,&quot;size&quot;:&quot;&quot;,&quot;sizes&quot;:[]}}\">\n\t\t\t\t<div class=\"elementor-element elementor-element-b346a48 elementor-view-default elementor-widget elementor-widget-icon\" data-id=\"b346a48\" data-element_type=\"widget\" data-e-type=\"widget\" data-widget_type=\"icon.default\">\n\t\t\t\t\t\t\t<div class=\"elementor-icon-wrapper\">\n\t\t\t<a class=\"elementor-icon\" href=\"https:\/\/drive.google.com\/file\/d\/14HJp7kCVc1RL9UL8Levcosn8XZnxswfn\/view?usp=sharing\" target=\"_blank\" rel=\"nofollow\">\n\t\t\t<svg aria-hidden=\"true\" class=\"e-font-icon-svg e-fas-pen\" viewBox=\"0 0 512 512\" xmlns=\"http:\/\/www.w3.org\/2000\/svg\"><path d=\"M290.74 93.24l128.02 128.02-277.99 277.99-114.14 12.6C11.35 513.54-1.56 500.62.14 485.34l12.7-114.22 277.9-277.88zm207.2-19.06l-60.11-60.11c-18.75-18.75-49.16-18.75-67.91 0l-56.55 56.55 128.02 128.02 56.55-56.55c18.75-18.76 18.75-49.16 0-67.91z\"><\/path><\/svg>\t\t\t<\/a>\n\t\t<\/div>\n\t\t\t\t\t\t<\/div>\n\t\t\t\t<div class=\"elementor-element elementor-element-a73e638 elementor-widget elementor-widget-heading\" data-id=\"a73e638\" data-element_type=\"widget\" data-e-type=\"widget\" data-widget_type=\"heading.default\">\n\t\t\t\t\t<h2 class=\"elementor-heading-title elementor-size-default\"><a href=\"https:\/\/drive.google.com\/file\/d\/14HJp7kCVc1RL9UL8Levcosn8XZnxswfn\/view?usp=sharing\" target=\"_blank\" rel=\"nofollow\">Inscri\u00e7\u00e3o no evento<\/a><\/h2>\t\t\t\t<\/div>\n\t\t\t\t<\/div>\n\t\t        <script>\n        jQuery( document ).ready( function( $ ) {\n            \/\/ Use .on('click', ...) as it is slightly more modern and flexible.\n            $( '.elementor-element-9351f8e' ).css( 'cursor', 'pointer' ).on( 'click', function(e) {\n                \n                var url = 'https:\/\/drive.google.com\/file\/d\/1kiakoAjeKl_GTUXBSHs1cWH-hOl8oSTQ\/view?usp=sharing';\n\n                                    \/\/ Otherwise, open the link in the same tab.\n                    window.location.href = url;\n                            });\n        });\n        <\/script>\n        <div class=\"elementor-element elementor-element-9351f8e e-con-full e-transform e-transform e-flex e-con e-child\" data-id=\"9351f8e\" data-element_type=\"container\" data-e-type=\"container\" data-settings=\"{&quot;background_background&quot;:&quot;classic&quot;,&quot;_transform_translateY_effect_hover&quot;:{&quot;unit&quot;:&quot;px&quot;,&quot;size&quot;:5,&quot;sizes&quot;:[]},&quot;_transform_scale_effect&quot;:{&quot;unit&quot;:&quot;px&quot;,&quot;size&quot;:&quot;&quot;,&quot;sizes&quot;:[]},&quot;_transform_scale_effect_tablet&quot;:{&quot;unit&quot;:&quot;px&quot;,&quot;size&quot;:&quot;&quot;,&quot;sizes&quot;:[]},&quot;_transform_scale_effect_mobile&quot;:{&quot;unit&quot;:&quot;px&quot;,&quot;size&quot;:&quot;&quot;,&quot;sizes&quot;:[]},&quot;_transform_translateX_effect_hover&quot;:{&quot;unit&quot;:&quot;px&quot;,&quot;size&quot;:&quot;&quot;,&quot;sizes&quot;:[]},&quot;_transform_translateX_effect_hover_tablet&quot;:{&quot;unit&quot;:&quot;px&quot;,&quot;size&quot;:&quot;&quot;,&quot;sizes&quot;:[]},&quot;_transform_translateX_effect_hover_mobile&quot;:{&quot;unit&quot;:&quot;px&quot;,&quot;size&quot;:&quot;&quot;,&quot;sizes&quot;:[]},&quot;_transform_translateY_effect_hover_tablet&quot;:{&quot;unit&quot;:&quot;px&quot;,&quot;size&quot;:&quot;&quot;,&quot;sizes&quot;:[]},&quot;_transform_translateY_effect_hover_mobile&quot;:{&quot;unit&quot;:&quot;px&quot;,&quot;size&quot;:&quot;&quot;,&quot;sizes&quot;:[]}}\">\n\t\t\t\t<div class=\"elementor-element elementor-element-4a83d7b elementor-view-default elementor-widget elementor-widget-icon\" data-id=\"4a83d7b\" data-element_type=\"widget\" data-e-type=\"widget\" data-widget_type=\"icon.default\">\n\t\t\t\t\t\t\t<div class=\"elementor-icon-wrapper\">\n\t\t\t<a class=\"elementor-icon\" href=\"https:\/\/drive.google.com\/file\/d\/1kiakoAjeKl_GTUXBSHs1cWH-hOl8oSTQ\/view?usp=sharing\" rel=\"nofollow\">\n\t\t\t<svg aria-hidden=\"true\" class=\"e-font-icon-svg e-fas-book-open\" viewBox=\"0 0 576 512\" xmlns=\"http:\/\/www.w3.org\/2000\/svg\"><path d=\"M542.22 32.05c-54.8 3.11-163.72 14.43-230.96 55.59-4.64 2.84-7.27 7.89-7.27 13.17v363.87c0 11.55 12.63 18.85 23.28 13.49 69.18-34.82 169.23-44.32 218.7-46.92 16.89-.89 30.02-14.43 30.02-30.66V62.75c.01-17.71-15.35-31.74-33.77-30.7zM264.73 87.64C197.5 46.48 88.58 35.17 33.78 32.05 15.36 31.01 0 45.04 0 62.75V400.6c0 16.24 13.13 29.78 30.02 30.66 49.49 2.6 149.59 12.11 218.77 46.95 10.62 5.35 23.21-1.94 23.21-13.46V100.63c0-5.29-2.62-10.14-7.27-12.99z\"><\/path><\/svg>\t\t\t<\/a>\n\t\t<\/div>\n\t\t\t\t\t\t<\/div>\n\t\t\t\t<div class=\"elementor-element elementor-element-4c91172 elementor-widget elementor-widget-heading\" data-id=\"4c91172\" data-element_type=\"widget\" data-e-type=\"widget\" data-widget_type=\"heading.default\">\n\t\t\t\t\t<h2 class=\"elementor-heading-title elementor-size-default\"><a href=\"https:\/\/drive.google.com\/file\/d\/1kiakoAjeKl_GTUXBSHs1cWH-hOl8oSTQ\/view?usp=sharing\" rel=\"nofollow\">Inscri\u00e7\u00e3o em minicursos<\/a><\/h2>\t\t\t\t<\/div>\n\t\t\t\t<\/div>\n\t\t        <script>\n        jQuery( document ).ready( function( $ ) {\n            \/\/ Use .on('click', ...) as it is slightly more modern and flexible.\n            $( '.elementor-element-8ff28f5' ).css( 'cursor', 'pointer' ).on( 'click', function(e) {\n                \n                var url = 'http:\/\/sepeduc.ufpa.br\/submissao';\n\n                                    \/\/ Otherwise, open the link in the same tab.\n                    window.location.href = url;\n                            });\n        });\n        <\/script>\n        <div class=\"elementor-element elementor-element-8ff28f5 e-con-full e-transform e-transform e-flex e-con e-child\" data-id=\"8ff28f5\" data-element_type=\"container\" data-e-type=\"container\" data-settings=\"{&quot;background_background&quot;:&quot;classic&quot;,&quot;_transform_translateY_effect_hover&quot;:{&quot;unit&quot;:&quot;px&quot;,&quot;size&quot;:5,&quot;sizes&quot;:[]},&quot;_transform_scale_effect&quot;:{&quot;unit&quot;:&quot;px&quot;,&quot;size&quot;:&quot;&quot;,&quot;sizes&quot;:[]},&quot;_transform_scale_effect_tablet&quot;:{&quot;unit&quot;:&quot;px&quot;,&quot;size&quot;:&quot;&quot;,&quot;sizes&quot;:[]},&quot;_transform_scale_effect_mobile&quot;:{&quot;unit&quot;:&quot;px&quot;,&quot;size&quot;:&quot;&quot;,&quot;sizes&quot;:[]},&quot;_transform_translateX_effect_hover&quot;:{&quot;unit&quot;:&quot;px&quot;,&quot;size&quot;:&quot;&quot;,&quot;sizes&quot;:[]},&quot;_transform_translateX_effect_hover_tablet&quot;:{&quot;unit&quot;:&quot;px&quot;,&quot;size&quot;:&quot;&quot;,&quot;sizes&quot;:[]},&quot;_transform_translateX_effect_hover_mobile&quot;:{&quot;unit&quot;:&quot;px&quot;,&quot;size&quot;:&quot;&quot;,&quot;sizes&quot;:[]},&quot;_transform_translateY_effect_hover_tablet&quot;:{&quot;unit&quot;:&quot;px&quot;,&quot;size&quot;:&quot;&quot;,&quot;sizes&quot;:[]},&quot;_transform_translateY_effect_hover_mobile&quot;:{&quot;unit&quot;:&quot;px&quot;,&quot;size&quot;:&quot;&quot;,&quot;sizes&quot;:[]}}\">\n\t\t\t\t<div class=\"elementor-element elementor-element-dcc1f54 elementor-view-default elementor-widget elementor-widget-icon\" data-id=\"dcc1f54\" data-element_type=\"widget\" data-e-type=\"widget\" data-widget_type=\"icon.default\">\n\t\t\t\t\t\t\t<div class=\"elementor-icon-wrapper\">\n\t\t\t<a class=\"elementor-icon\" href=\"http:\/\/sepeduc.ufpa.br\/submissao\" rel=\"nofollow\">\n\t\t\t<svg aria-hidden=\"true\" class=\"e-font-icon-svg e-fas-clipboard-check\" viewBox=\"0 0 384 512\" xmlns=\"http:\/\/www.w3.org\/2000\/svg\"><path d=\"M336 64h-80c0-35.3-28.7-64-64-64s-64 28.7-64 64H48C21.5 64 0 85.5 0 112v352c0 26.5 21.5 48 48 48h288c26.5 0 48-21.5 48-48V112c0-26.5-21.5-48-48-48zM192 40c13.3 0 24 10.7 24 24s-10.7 24-24 24-24-10.7-24-24 10.7-24 24-24zm121.2 231.8l-143 141.8c-4.7 4.7-12.3 4.6-17-.1l-82.6-83.3c-4.7-4.7-4.6-12.3.1-17L99.1 285c4.7-4.7 12.3-4.6 17 .1l46 46.4 106-105.2c4.7-4.7 12.3-4.6 17 .1l28.2 28.4c4.7 4.8 4.6 12.3-.1 17z\"><\/path><\/svg>\t\t\t<\/a>\n\t\t<\/div>\n\t\t\t\t\t\t<\/div>\n\t\t\t\t<div class=\"elementor-element elementor-element-d8eaa31 elementor-widget elementor-widget-heading\" data-id=\"d8eaa31\" data-element_type=\"widget\" data-e-type=\"widget\" data-widget_type=\"heading.default\">\n\t\t\t\t\t<h2 class=\"elementor-heading-title elementor-size-default\"><a href=\"http:\/\/sepeduc.ufpa.br\/submissao\" rel=\"nofollow\"> Submiss\u00e3o de trabalhos<\/a><\/h2>\t\t\t\t<\/div>\n\t\t\t\t<\/div>\n\t\t\t\t\t<\/div>\n\t\t\t\t<\/div>\n\t\t<div class=\"elementor-element elementor-element-52c10b8 e-flex e-con-boxed e-con e-parent\" data-id=\"52c10b8\" data-element_type=\"container\" data-e-type=\"container\">\n\t\t\t\t\t<div class=\"e-con-inner\">\n\t\t\t\t<div class=\"elementor-element elementor-element-48ff23c elementor-widget elementor-widget-spacer\" data-id=\"48ff23c\" data-element_type=\"widget\" data-e-type=\"widget\" data-widget_type=\"spacer.default\">\n\t\t\t\t\t\t\t<div class=\"elementor-spacer\">\n\t\t\t<div class=\"elementor-spacer-inner\"><\/div>\n\t\t<\/div>\n\t\t\t\t\t\t<\/div>\n\t\t\t\t<div class=\"elementor-element elementor-element-bfe5c98 elementor-widget elementor-widget-text-editor\" data-id=\"bfe5c98\" data-element_type=\"widget\" data-e-type=\"widget\" data-widget_type=\"text-editor.default\">\n\t\t\t\t\t\t\t\t\t<p>D\u00favidas e contato: <span style=\"text-decoration: underline;\"><a href=\"mailto:sepeduc2025@gmail.com\">sepeduc2025@gmail.com<\/a><\/span><\/p>\t\t\t\t\t\t\t\t<\/div>\n\t\t\t\t<div class=\"elementor-element elementor-element-0fd86de elementor-widget elementor-widget-spacer\" data-id=\"0fd86de\" data-element_type=\"widget\" data-e-type=\"widget\" data-widget_type=\"spacer.default\">\n\t\t\t\t\t\t\t<div class=\"elementor-spacer\">\n\t\t\t<div class=\"elementor-spacer-inner\"><\/div>\n\t\t<\/div>\n\t\t\t\t\t\t<\/div>\n\t\t\t\t\t<\/div>\n\t\t\t\t<\/div>\n\t\t\t\t<\/div>\n\t\t","protected":false},"excerpt":{"rendered":"<p>P\u00e1gina inicial \/ P\u00e1gina 3\u00aa Circular do V Semin\u00e1rio de Projetos Educacionais (SEPEDUC) e III Semin\u00e1rio Institucional Integrado do PIBID Ci\u00eancia e Vozes da Amaz\u00f4nia Bel\u00e9m-PA, 05 de novembro de 2025 SUBMISS\u00c3O DE TRABALHO \u2013 PRORROGA\u00c7\u00c3O A Pr\u00f3-Reitoria de Ensino de Gradua\u00e7\u00e3o (PROEG) da Universidade Federal do Par\u00e1 (UFPA) informa a prorroga\u00e7\u00e3o do prazo para [&hellip;]<\/p>\n","protected":false},"author":1,"featured_media":0,"parent":0,"menu_order":0,"comment_status":"closed","ping_status":"closed","template":"elementor_header_footer","meta":{"footnotes":""},"class_list":["post-1348","page","type-page","status-publish","hentry"],"_links":{"self":[{"href":"https:\/\/tutoriadiscente.ufpa.br\/index.php?rest_route=\/wp\/v2\/pages\/1348","targetHints":{"allow":["GET"]}}],"collection":[{"href":"https:\/\/tutoriadiscente.ufpa.br\/index.php?rest_route=\/wp\/v2\/pages"}],"about":[{"href":"https:\/\/tutoriadiscente.ufpa.br\/index.php?rest_route=\/wp\/v2\/types\/page"}],"author":[{"embeddable":true,"href":"https:\/\/tutoriadiscente.ufpa.br\/index.php?rest_route=\/wp\/v2\/users\/1"}],"replies":[{"embeddable":true,"href":"https:\/\/tutoriadiscente.ufpa.br\/index.php?rest_route=%2Fwp%2Fv2%2Fcomments&post=1348"}],"version-history":[{"count":25,"href":"https:\/\/tutoriadiscente.ufpa.br\/index.php?rest_route=\/wp\/v2\/pages\/1348\/revisions"}],"predecessor-version":[{"id":1392,"href":"https:\/\/tutoriadiscente.ufpa.br\/index.php?rest_route=\/wp\/v2\/pages\/1348\/revisions\/1392"}],"wp:attachment":[{"href":"https:\/\/tutoriadiscente.ufpa.br\/index.php?rest_route=%2Fwp%2Fv2%2Fmedia&parent=1348"}],"curies":[{"name":"wp","href":"https:\/\/api.w.org\/{rel}","templated":true}]}}